{"id":211,"date":"2025-02-13T10:02:57","date_gmt":"2025-02-13T09:02:57","guid":{"rendered":"https:\/\/lepetitchaperonrouge.myskydoowebsite.com\/?page_id=211"},"modified":"2025-05-26T10:55:24","modified_gmt":"2025-05-26T08:55:24","slug":"taarten","status":"publish","type":"page","link":"https:\/\/lepetitchaperonrouge.be\/nl\/gateaux\/","title":{"rendered":"Taarten"},"content":{"rendered":"<div data-elementor-type=\"wp-page\" data-elementor-id=\"211\" class=\"elementor elementor-211\" data-elementor-post-type=\"page\">\n\t\t\t\t<div class=\"elementor-element elementor-element-8d8762a e-con-full e-flex e-con e-parent\" data-id=\"8d8762a\" data-element_type=\"container\" data-e-type=\"container\" data-settings=\"{&quot;background_background&quot;:&quot;classic&quot;,&quot;shape_divider_bottom&quot;:&quot;waves&quot;}\">\n\t\t\t\t<div class=\"elementor-shape elementor-shape-bottom\" aria-hidden=\"true\" data-negative=\"false\">\n\t\t\t<svg xmlns=\"http:\/\/www.w3.org\/2000\/svg\" viewbox=\"0 0 1000 100\" preserveaspectratio=\"none\">\n\t<path class=\"elementor-shape-fill\" d=\"M421.9,6.5c22.6-2.5,51.5,0.4,75.5,5.3c23.6,4.9,70.9,23.5,100.5,35.7c75.8,32.2,133.7,44.5,192.6,49.7\tc23.6,2.1,48.7,3.5,103.4-2.5c54.7-6,106.2-25.6,106.2-25.6V0H0v30.3c0,0,72,32.6,158.4,30.5c39.2-0.7,92.8-6.7,134-22.4\tc21.2-8.1,52.2-18.2,79.7-24.2C399.3,7.9,411.6,7.5,421.9,6.5z\"\/>\n<\/svg>\t\t<\/div>\n\t\t\t\t<div class=\"elementor-element elementor-element-30b62c9 elementor-widget elementor-widget-html\" data-id=\"30b62c9\" data-element_type=\"widget\" data-e-type=\"widget\" data-widget_type=\"html.default\">\n\t\t\t\t<div class=\"elementor-widget-container\">\n\t\t\t\t\t<p class=\"seo-hidden\">Huisgemaakte taarten van Le Petit Chaperon Rouge in Brussel: tussengerechten, verjaardagstaarten en stukken op maat.<\/p>\r\n\t\t\t\t<\/div>\n\t\t\t\t<\/div>\n\t\t\t\t<div class=\"elementor-element elementor-element-aec07ce elementor-widget elementor-widget-heading\" data-id=\"aec07ce\" data-element_type=\"widget\" data-e-type=\"widget\" data-widget_type=\"heading.default\">\n\t\t\t\t<div class=\"elementor-widget-container\">\n\t\t\t\t\t<h1 class=\"elementor-heading-title elementor-size-default\">Taarten voor elke gelegenheid<\/h1>\t\t\t\t<\/div>\n\t\t\t\t<\/div>\n\t\t\t\t<div class=\"elementor-element elementor-element-7e8cad0 elementor-widget elementor-widget-heading\" data-id=\"7e8cad0\" data-element_type=\"widget\" data-e-type=\"widget\" data-widget_type=\"heading.default\">\n\t\t\t\t<div class=\"elementor-widget-container\">\n\t\t\t\t\t<h2 class=\"elementor-heading-title elementor-size-default\">Ontdek onze gastronomische, handgemaakte en aanpasbare creaties<\/h2>\t\t\t\t<\/div>\n\t\t\t\t<\/div>\n\t\t<div class=\"elementor-element elementor-element-0a5785b e-con-full e-flex e-con e-child\" data-id=\"0a5785b\" data-element_type=\"container\" data-e-type=\"container\">\n\t\t\t\t<div class=\"elementor-element elementor-element-812425e elementor-mobile-align-center elementor-widget elementor-widget-button\" data-id=\"812425e\" data-element_type=\"widget\" data-e-type=\"widget\" data-widget_type=\"button.default\">\n\t\t\t\t<div class=\"elementor-widget-container\">\n\t\t\t\t\t\t\t\t\t<div class=\"elementor-button-wrapper\">\n\t\t\t\t\t<a class=\"elementor-button elementor-button-link elementor-size-sm elementor-animation-grow\" href=\"https:\/\/lepetitchaperonrouge.be\/nl\/contact\/\">\n\t\t\t\t\t\t<span class=\"elementor-button-content-wrapper\">\n\t\t\t\t\t\t\t\t\t<span class=\"elementor-button-text\">Neem contact met ons op<\/span>\n\t\t\t\t\t<\/span>\n\t\t\t\t\t<\/a>\n\t\t\t\t<\/div>\n\t\t\t\t\t\t\t\t<\/div>\n\t\t\t\t<\/div>\n\t\t\t\t<div class=\"elementor-element elementor-element-538a5bb elementor-mobile-align-center elementor-widget elementor-widget-button\" data-id=\"538a5bb\" data-element_type=\"widget\" data-e-type=\"widget\" data-widget_type=\"button.default\">\n\t\t\t\t<div class=\"elementor-widget-container\">\n\t\t\t\t\t\t\t\t\t<div class=\"elementor-button-wrapper\">\n\t\t\t\t\t<a class=\"elementor-button elementor-button-link elementor-size-sm elementor-animation-grow\" href=\"tel:+32486981766\">\n\t\t\t\t\t\t<span class=\"elementor-button-content-wrapper\">\n\t\t\t\t\t\t\t\t\t<span class=\"elementor-button-text\">+32 486 98 17 66<\/span>\n\t\t\t\t\t<\/span>\n\t\t\t\t\t<\/a>\n\t\t\t\t<\/div>\n\t\t\t\t\t\t\t\t<\/div>\n\t\t\t\t<\/div>\n\t\t\t\t<\/div>\n\t\t\t\t<\/div>\n\t\t<div class=\"elementor-element elementor-element-52af2fb e-con-full e-flex e-con e-parent\" data-id=\"52af2fb\" data-element_type=\"container\" data-e-type=\"container\" data-settings=\"{&quot;background_background&quot;:&quot;classic&quot;}\">\n\t\t<div class=\"elementor-element elementor-element-434b73d e-con-full e-flex e-con e-child\" data-id=\"434b73d\" data-element_type=\"container\" data-e-type=\"container\">\n\t\t\t\t<div class=\"elementor-element elementor-element-bbccdd5 elementor-widget elementor-widget-image\" data-id=\"bbccdd5\" data-element_type=\"widget\" data-e-type=\"widget\" data-widget_type=\"image.default\">\n\t\t\t\t<div class=\"elementor-widget-container\">\n\t\t\t\t\t\t\t\t\t\t\t\t\t\t\t<img fetchpriority=\"high\" decoding=\"async\" width=\"1080\" height=\"1080\" src=\"https:\/\/lepetitchaperonrouge.be\/wp-content\/uploads\/Design-sans-titre-2025-03-04T114044.540.png\" class=\"attachment-large size-large wp-image-1125\" alt=\",\" srcset=\"https:\/\/lepetitchaperonrouge.be\/wp-content\/uploads\/Design-sans-titre-2025-03-04T114044.540.png 1080w, https:\/\/lepetitchaperonrouge.be\/wp-content\/uploads\/Design-sans-titre-2025-03-04T114044.540-600x600.png 600w, https:\/\/lepetitchaperonrouge.be\/wp-content\/uploads\/Design-sans-titre-2025-03-04T114044.540-768x768.png 768w\" sizes=\"(max-width: 1080px) 100vw, 1080px\" title=\"\">\t\t\t\t\t\t\t\t\t\t\t\t\t\t\t<\/div>\n\t\t\t\t<\/div>\n\t\t\t\t<div class=\"elementor-element elementor-element-b7d1b49 elementor-widget elementor-widget-heading\" data-id=\"b7d1b49\" data-element_type=\"widget\" data-e-type=\"widget\" data-widget_type=\"heading.default\">\n\t\t\t\t<div class=\"elementor-widget-container\">\n\t\t\t\t\t<h4 class=\"elementor-heading-title elementor-size-default\">Unieke creaties voor uw evenementen\n\n<\/h4>\t\t\t\t<\/div>\n\t\t\t\t<\/div>\n\t\t\t\t<div class=\"elementor-element elementor-element-51498cb elementor-widget elementor-widget-heading\" data-id=\"51498cb\" data-element_type=\"widget\" data-e-type=\"widget\" data-widget_type=\"heading.default\">\n\t\t\t\t<div class=\"elementor-widget-container\">\n\t\t\t\t\t<h3 class=\"elementor-heading-title elementor-size-default\">Taarten op maat om elk moment te vieren\n<\/h3>\t\t\t\t<\/div>\n\t\t\t\t<\/div>\n\t\t\t\t<div class=\"elementor-element elementor-element-8f51e0d elementor-widget elementor-widget-text-editor\" data-id=\"8f51e0d\" data-element_type=\"widget\" data-e-type=\"widget\" data-widget_type=\"text-editor.default\">\n\t\t\t\t<div class=\"elementor-widget-container\">\n\t\t\t\t\t\t\t\t\t<p data-start=\"257\" data-end=\"689\" class=\"translation-block\">Of het nu voor een huwelijk, een verjaardag, een communie of een doopfeest is, <a href=\"http:\/\/lepetitchaperonrouge.be\/nl\/\" target=\"_self\"><strong data-start=\"332\" data-end=\"359\">Le Petit Chaperon Rouge<\/strong><\/a> maakt gepersonaliseerde taarten in Brussel en omgeving. Naast onze gebakjes die verkrijgbaar zijn in de winkel, cre\u00ebren we unieke desserts die volledig afgestemd zijn op uw wensen. Onze recepten zijn ontwikkeld om te voldoen aan alle dieetvoorschriften en allergie\u00ebn, zodat iedereen van een heerlijk moment kan genieten.<\/p>\t\t\t\t\t\t\t\t<\/div>\n\t\t\t\t<\/div>\n\t\t\t\t<\/div>\n\t\t\t\t<\/div>\n\t\t<div class=\"elementor-element elementor-element-b900a4c e-con-full e-flex e-con e-parent\" data-id=\"b900a4c\" data-element_type=\"container\" data-e-type=\"container\">\n\t\t<div class=\"elementor-element elementor-element-037705d e-con-full e-flex e-con e-child\" data-id=\"037705d\" data-element_type=\"container\" data-e-type=\"container\">\n\t\t\t\t<div class=\"elementor-element elementor-element-fd6a2e8 elementor-invisible elementor-widget elementor-widget-image\" data-id=\"fd6a2e8\" data-element_type=\"widget\" data-e-type=\"widget\" data-settings=\"{&quot;_animation&quot;:&quot;slideInRight&quot;}\" data-widget_type=\"image.default\">\n\t\t\t\t<div class=\"elementor-widget-container\">\n\t\t\t\t\t\t\t\t\t\t\t\t\t\t\t<img decoding=\"async\" width=\"1366\" height=\"768\" src=\"https:\/\/lepetitchaperonrouge.be\/wp-content\/uploads\/Design-sans-titre-65.jpg\" class=\"attachment-large size-large wp-image-1130\" alt=\",\" srcset=\"https:\/\/lepetitchaperonrouge.be\/wp-content\/uploads\/Design-sans-titre-65.jpg 1366w, https:\/\/lepetitchaperonrouge.be\/wp-content\/uploads\/Design-sans-titre-65-768x432.jpg 768w\" sizes=\"(max-width: 1366px) 100vw, 1366px\" title=\"\">\t\t\t\t\t\t\t\t\t\t\t\t\t\t\t<\/div>\n\t\t\t\t<\/div>\n\t\t\t\t<\/div>\n\t\t<div class=\"elementor-element elementor-element-64c6c93 e-con-full e-flex e-con e-child\" data-id=\"64c6c93\" data-element_type=\"container\" data-e-type=\"container\">\n\t\t\t\t<div class=\"elementor-element elementor-element-d63f609 elementor-widget elementor-widget-heading\" data-id=\"d63f609\" data-element_type=\"widget\" data-e-type=\"widget\" data-widget_type=\"heading.default\">\n\t\t\t\t<div class=\"elementor-widget-container\">\n\t\t\t\t\t<h4 class=\"elementor-heading-title elementor-size-default\">Een dessert dat bij je imago past\n<\/h4>\t\t\t\t<\/div>\n\t\t\t\t<\/div>\n\t\t\t\t<div class=\"elementor-element elementor-element-ead472b elementor-widget elementor-widget-heading\" data-id=\"ead472b\" data-element_type=\"widget\" data-e-type=\"widget\" data-widget_type=\"heading.default\">\n\t\t\t\t<div class=\"elementor-widget-container\">\n\t\t\t\t\t<h3 class=\"elementor-heading-title elementor-size-default\">De perfecte taart voor elk feest\n<\/h3>\t\t\t\t<\/div>\n\t\t\t\t<\/div>\n\t\t\t\t<div class=\"elementor-element elementor-element-f207139 elementor-widget elementor-widget-text-editor\" data-id=\"f207139\" data-element_type=\"widget\" data-e-type=\"widget\" data-widget_type=\"text-editor.default\">\n\t\t\t\t<div class=\"elementor-widget-container\">\n\t\t\t\t\t\t\t\t\t<p data-start=\"775\" data-end=\"1110\">Om een evenement te vieren, bestel je de taart of het pi\u00e8ce mont\u00e9e dat aan je verwachtingen voldoet. Voor bruiloften, verjaardagen, communies of doopfeesten helpen we je een uniek dessert te cre\u00ebren dat even heerlijk als elegant is. Vertel ons je idee\u00ebn en wij maken er een gastronomische creatie op maat van.<\/p>\t\t\t\t\t\t\t\t<\/div>\n\t\t\t\t<\/div>\n\t\t\t\t<div class=\"elementor-element elementor-element-5cc94c8 elementor-mobile-align-center elementor-align-left elementor-widget elementor-widget-button\" data-id=\"5cc94c8\" data-element_type=\"widget\" data-e-type=\"widget\" data-widget_type=\"button.default\">\n\t\t\t\t<div class=\"elementor-widget-container\">\n\t\t\t\t\t\t\t\t\t<div class=\"elementor-button-wrapper\">\n\t\t\t\t\t<a class=\"elementor-button elementor-button-link elementor-size-sm elementor-animation-grow\" href=\"https:\/\/lepetitchaperonrouge.be\/nl\/contact\/\">\n\t\t\t\t\t\t<span class=\"elementor-button-content-wrapper\">\n\t\t\t\t\t\t\t\t\t<span class=\"elementor-button-text\">Neem contact met ons op<\/span>\n\t\t\t\t\t<\/span>\n\t\t\t\t\t<\/a>\n\t\t\t\t<\/div>\n\t\t\t\t\t\t\t\t<\/div>\n\t\t\t\t<\/div>\n\t\t\t\t<\/div>\n\t\t\t\t<\/div>\n\t\t<div class=\"elementor-element elementor-element-345f8c9 e-con-full e-flex e-con e-parent\" data-id=\"345f8c9\" data-element_type=\"container\" data-e-type=\"container\" data-settings=\"{&quot;background_background&quot;:&quot;classic&quot;,&quot;shape_divider_top&quot;:&quot;waves&quot;,&quot;shape_divider_bottom&quot;:&quot;waves&quot;,&quot;shape_divider_bottom_negative&quot;:&quot;yes&quot;}\">\n\t\t\t\t<div class=\"elementor-shape elementor-shape-top\" aria-hidden=\"true\" data-negative=\"false\">\n\t\t\t<svg xmlns=\"http:\/\/www.w3.org\/2000\/svg\" viewbox=\"0 0 1000 100\" preserveaspectratio=\"none\">\n\t<path class=\"elementor-shape-fill\" d=\"M421.9,6.5c22.6-2.5,51.5,0.4,75.5,5.3c23.6,4.9,70.9,23.5,100.5,35.7c75.8,32.2,133.7,44.5,192.6,49.7\tc23.6,2.1,48.7,3.5,103.4-2.5c54.7-6,106.2-25.6,106.2-25.6V0H0v30.3c0,0,72,32.6,158.4,30.5c39.2-0.7,92.8-6.7,134-22.4\tc21.2-8.1,52.2-18.2,79.7-24.2C399.3,7.9,411.6,7.5,421.9,6.5z\"\/>\n<\/svg>\t\t<\/div>\n\t\t\t\t<div class=\"elementor-shape elementor-shape-bottom\" aria-hidden=\"true\" data-negative=\"true\">\n\t\t\t<svg xmlns=\"http:\/\/www.w3.org\/2000\/svg\" viewbox=\"0 0 1000 100\" preserveaspectratio=\"none\">\n\t<path class=\"elementor-shape-fill\" d=\"M790.5,93.1c-59.3-5.3-116.8-18-192.6-50c-29.6-12.7-76.9-31-100.5-35.9c-23.6-4.9-52.6-7.8-75.5-5.3\tc-10.2,1.1-22.6,1.4-50.1,7.4c-27.2,6.3-58.2,16.6-79.4,24.7c-41.3,15.9-94.9,21.9-134,22.6C72,58.2,0,25.8,0,25.8V100h1000V65.3\tc0,0-51.5,19.4-106.2,25.7C839.5,97,814.1,95.2,790.5,93.1z\"\/>\n<\/svg>\t\t<\/div>\n\t\t<div class=\"elementor-element elementor-element-437a7e9 e-con-full e-flex e-con e-child\" data-id=\"437a7e9\" data-element_type=\"container\" data-e-type=\"container\">\n\t\t\t\t<div class=\"elementor-element elementor-element-45aafc6 elementor-widget elementor-widget-heading\" data-id=\"45aafc6\" data-element_type=\"widget\" data-e-type=\"widget\" data-widget_type=\"heading.default\">\n\t\t\t\t<div class=\"elementor-widget-container\">\n\t\t\t\t\t<h3 class=\"elementor-heading-title elementor-size-default\">Een heerlijk gebakje<\/h3>\t\t\t\t<\/div>\n\t\t\t\t<\/div>\n\t\t\t\t<div class=\"elementor-element elementor-element-7029b0e elementor-widget elementor-widget-text-editor\" data-id=\"7029b0e\" data-element_type=\"widget\" data-e-type=\"widget\" data-widget_type=\"text-editor.default\">\n\t\t\t\t<div class=\"elementor-widget-container\">\n\t\t\t\t\t\t\t\t\t<p data-start=\"1194\" data-end=\"1573\">Verras je geliefden met een taart die helemaal is afgestemd op hun smaak en passie. Of het nu gaat om een Disney-ge\u00efnspireerde decoratie, een superheldenontwerp of een creatie in de kleuren van hun favoriete sport, wij maken unieke desserts voor elke gelegenheid. Ontdek onze creaties in onze fotogalerij of op onze Facebook-pagina.<\/p>\t\t\t\t\t\t\t\t<\/div>\n\t\t\t\t<\/div>\n\t\t\t\t<\/div>\n\t\t\t\t<\/div>\n\t\t<div class=\"elementor-element elementor-element-ab72607 e-con-full e-flex e-con e-parent\" data-id=\"ab72607\" data-element_type=\"container\" data-e-type=\"container\">\n\t\t<div class=\"elementor-element elementor-element-7d70eef e-flex e-con-boxed e-con e-child\" data-id=\"7d70eef\" data-element_type=\"container\" data-e-type=\"container\">\n\t\t\t\t\t<div class=\"e-con-inner\">\n\t\t\t\t<div class=\"elementor-element elementor-element-550b7d0 elementor-invisible elementor-widget elementor-widget-image\" data-id=\"550b7d0\" data-element_type=\"widget\" data-e-type=\"widget\" data-settings=\"{&quot;_animation&quot;:&quot;fadeInLeft&quot;}\" data-widget_type=\"image.default\">\n\t\t\t\t<div class=\"elementor-widget-container\">\n\t\t\t\t\t\t\t\t\t\t\t\t\t\t\t<img decoding=\"async\" width=\"1366\" height=\"768\" src=\"https:\/\/lepetitchaperonrouge.be\/wp-content\/uploads\/Design-sans-titre-66.jpg\" class=\"attachment-large size-large wp-image-1194\" alt=\",\" srcset=\"https:\/\/lepetitchaperonrouge.be\/wp-content\/uploads\/Design-sans-titre-66.jpg 1366w, https:\/\/lepetitchaperonrouge.be\/wp-content\/uploads\/Design-sans-titre-66-768x432.jpg 768w\" sizes=\"(max-width: 1366px) 100vw, 1366px\" title=\"\">\t\t\t\t\t\t\t\t\t\t\t\t\t\t\t<\/div>\n\t\t\t\t<\/div>\n\t\t\t\t\t<\/div>\n\t\t\t\t<\/div>\n\t\t<div class=\"elementor-element elementor-element-ea66958 e-con-full e-flex e-con e-child\" data-id=\"ea66958\" data-element_type=\"container\" data-e-type=\"container\">\n\t\t\t\t<div class=\"elementor-element elementor-element-cc596ce elementor-widget elementor-widget-heading\" data-id=\"cc596ce\" data-element_type=\"widget\" data-e-type=\"widget\" data-widget_type=\"heading.default\">\n\t\t\t\t<div class=\"elementor-widget-container\">\n\t\t\t\t\t<h4 class=\"elementor-heading-title elementor-size-default\">Een snelle en gemakkelijke service\n<\/h4>\t\t\t\t<\/div>\n\t\t\t\t<\/div>\n\t\t\t\t<div class=\"elementor-element elementor-element-c2b49dc elementor-widget elementor-widget-heading\" data-id=\"c2b49dc\" data-element_type=\"widget\" data-e-type=\"widget\" data-widget_type=\"heading.default\">\n\t\t\t\t<div class=\"elementor-widget-container\">\n\t\t\t\t\t<h3 class=\"elementor-heading-title elementor-size-default\">Gemakkelijk bestellen\n<\/h3>\t\t\t\t<\/div>\n\t\t\t\t<\/div>\n\t\t\t\t<div class=\"elementor-element elementor-element-f41313f elementor-widget elementor-widget-text-editor\" data-id=\"f41313f\" data-element_type=\"widget\" data-e-type=\"widget\" data-widget_type=\"text-editor.default\">\n\t\t\t\t<div class=\"elementor-widget-container\">\n\t\t\t\t\t\t\t\t\t<p data-start=\"1654\" data-end=\"1889\" class=\"translation-block\">Wilt u een stapeltaart of een gepersonaliseerde taart bestellen? Neem dan vandaag nog contact met ons op. Onze winkel bevindt zich in <strong data-start=\"1780\" data-end=\"1817\">Watermaal-Bosvoorde<\/strong>, vlak bij <strong data-start=\"1830\" data-end=\"1886\">Evere, Sint-Lambrechts-Woluwe, Elsene en Sint-Gillis<\/strong>.<\/p>\t\t\t\t\t\t\t\t<\/div>\n\t\t\t\t<\/div>\n\t\t\t\t<div class=\"elementor-element elementor-element-10227be elementor-mobile-align-center elementor-align-center elementor-widget elementor-widget-button\" data-id=\"10227be\" data-element_type=\"widget\" data-e-type=\"widget\" data-widget_type=\"button.default\">\n\t\t\t\t<div class=\"elementor-widget-container\">\n\t\t\t\t\t\t\t\t\t<div class=\"elementor-button-wrapper\">\n\t\t\t\t\t<a class=\"elementor-button elementor-button-link elementor-size-sm elementor-animation-grow\" href=\"https:\/\/lepetitchaperonrouge.be\/nl\/commande-sur-mesure\/\">\n\t\t\t\t\t\t<span class=\"elementor-button-content-wrapper\">\n\t\t\t\t\t\t\t\t\t<span class=\"elementor-button-text\">Bestellingen op maat<\/span>\n\t\t\t\t\t<\/span>\n\t\t\t\t\t<\/a>\n\t\t\t\t<\/div>\n\t\t\t\t\t\t\t\t<\/div>\n\t\t\t\t<\/div>\n\t\t\t\t<\/div>\n\t\t\t\t<\/div>\n\t\t<div class=\"elementor-element elementor-element-d4bedd5 e-con-full e-flex e-con e-parent\" data-id=\"d4bedd5\" data-element_type=\"container\" data-e-type=\"container\">\n\t\t<div class=\"elementor-element elementor-element-396e04e e-con-full e-flex e-con e-child\" data-id=\"396e04e\" data-element_type=\"container\" data-e-type=\"container\">\n\t\t\t\t<div class=\"elementor-element elementor-element-f2e2105 elementor-widget elementor-widget-image\" data-id=\"f2e2105\" data-element_type=\"widget\" data-e-type=\"widget\" data-widget_type=\"image.default\">\n\t\t\t\t<div class=\"elementor-widget-container\">\n\t\t\t\t\t\t\t\t\t\t\t\t\t\t\t<img loading=\"lazy\" decoding=\"async\" width=\"1080\" height=\"1080\" src=\"https:\/\/lepetitchaperonrouge.be\/wp-content\/uploads\/Design-sans-titre-2025-03-04T104454.587.png\" class=\"attachment-large size-large wp-image-1056\" alt=\",\" srcset=\"https:\/\/lepetitchaperonrouge.be\/wp-content\/uploads\/Design-sans-titre-2025-03-04T104454.587.png 1080w, https:\/\/lepetitchaperonrouge.be\/wp-content\/uploads\/Design-sans-titre-2025-03-04T104454.587-600x600.png 600w, https:\/\/lepetitchaperonrouge.be\/wp-content\/uploads\/Design-sans-titre-2025-03-04T104454.587-768x768.png 768w\" sizes=\"(max-width: 1080px) 100vw, 1080px\" title=\"\">\t\t\t\t\t\t\t\t\t\t\t\t\t\t\t<\/div>\n\t\t\t\t<\/div>\n\t\t\t\t<div class=\"elementor-element elementor-element-aeb3acc elementor-widget elementor-widget-heading\" data-id=\"aeb3acc\" data-element_type=\"widget\" data-e-type=\"widget\" data-widget_type=\"heading.default\">\n\t\t\t\t<div class=\"elementor-widget-container\">\n\t\t\t\t\t<h4 class=\"elementor-heading-title elementor-size-default\">Een wereld vol lekkernijen<\/h4>\t\t\t\t<\/div>\n\t\t\t\t<\/div>\n\t\t\t\t<div class=\"elementor-element elementor-element-9c7d8f8 elementor-widget elementor-widget-heading\" data-id=\"9c7d8f8\" data-element_type=\"widget\" data-e-type=\"widget\" data-widget_type=\"heading.default\">\n\t\t\t\t<div class=\"elementor-widget-container\">\n\t\t\t\t\t<h3 class=\"elementor-heading-title elementor-size-default\">Ontdek onze handgemaakte creaties<\/h3>\t\t\t\t<\/div>\n\t\t\t\t<\/div>\n\t\t\t\t<div class=\"elementor-element elementor-element-c01309e elementor-widget elementor-widget-text-editor\" data-id=\"c01309e\" data-element_type=\"widget\" data-e-type=\"widget\" data-widget_type=\"text-editor.default\">\n\t\t\t\t<div class=\"elementor-widget-container\">\n\t\t\t\t\t\t\t\t\t<p data-start=\"711\" data-end=\"1051\">Dompel jezelf onder in een wereld van zoetigheden, waar elk gebak het resultaat is van traditionele knowhow. Van elegant gebak tot gastronomisch gebak, wij bieden een breed scala aan huisgemaakte creaties om zonder mate van te genieten. Kom onze creaties ontdekken in de winkel en laat je verleiden door de authenticiteit van onze smaken.<\/p>\t\t\t\t\t\t\t\t<\/div>\n\t\t\t\t<\/div>\n\t\t<div class=\"elementor-element elementor-element-d9f13f0 e-con-full e-flex e-con e-child\" data-id=\"d9f13f0\" data-element_type=\"container\" data-e-type=\"container\">\n\t\t\t\t<div class=\"elementor-element elementor-element-b53bd5d elementor-mobile-align-center elementor-widget elementor-widget-button\" data-id=\"b53bd5d\" data-element_type=\"widget\" data-e-type=\"widget\" data-widget_type=\"button.default\">\n\t\t\t\t<div class=\"elementor-widget-container\">\n\t\t\t\t\t\t\t\t\t<div class=\"elementor-button-wrapper\">\n\t\t\t\t\t<a class=\"elementor-button elementor-button-link elementor-size-sm elementor-animation-grow\" href=\"https:\/\/lepetitchaperonrouge.be\/nl\/nos-creations\/\">\n\t\t\t\t\t\t<span class=\"elementor-button-content-wrapper\">\n\t\t\t\t\t\t\t\t\t<span class=\"elementor-button-text\">Bekijk onze creaties<\/span>\n\t\t\t\t\t<\/span>\n\t\t\t\t\t<\/a>\n\t\t\t\t<\/div>\n\t\t\t\t\t\t\t\t<\/div>\n\t\t\t\t<\/div>\n\t\t\t\t<\/div>\n\t\t\t\t<\/div>\n\t\t\t\t<\/div>\n\t\t\t\t<\/div>","protected":false},"excerpt":{"rendered":"<p>G\u00e2teaux artisanaux faits maison par Le Petit Chaperon Rouge \u00e0 Bruxelles : entremets, g\u00e2teaux d\u2019anniversaire et pi\u00e8ces sur mesure. Des g\u00e2teaux pour chaque occasion D\u00e9couvrez nos cr\u00e9ations gourmandes, artisanales et personnalisables Contactez-nous +32 486 98 17 66 Des cr\u00e9ations uniques pour vos \u00e9v\u00e9nements Des g\u00e2teaux sur-mesure pour c\u00e9l\u00e9brer chaque instant Que ce soit pour un [&hellip;]<\/p>\n","protected":false},"author":1,"featured_media":1111,"parent":0,"menu_order":0,"comment_status":"closed","ping_status":"closed","template":"","meta":{"footnotes":""},"class_list":["post-211","page","type-page","status-publish","has-post-thumbnail","hentry"],"_links":{"self":[{"href":"https:\/\/lepetitchaperonrouge.be\/nl\/wp-json\/wp\/v2\/pages\/211","targetHints":{"allow":["GET"]}}],"collection":[{"href":"https:\/\/lepetitchaperonrouge.be\/nl\/wp-json\/wp\/v2\/pages"}],"about":[{"href":"https:\/\/lepetitchaperonrouge.be\/nl\/wp-json\/wp\/v2\/types\/page"}],"author":[{"embeddable":true,"href":"https:\/\/lepetitchaperonrouge.be\/nl\/wp-json\/wp\/v2\/users\/1"}],"replies":[{"embeddable":true,"href":"https:\/\/lepetitchaperonrouge.be\/nl\/wp-json\/wp\/v2\/comments?post=211"}],"version-history":[{"count":159,"href":"https:\/\/lepetitchaperonrouge.be\/nl\/wp-json\/wp\/v2\/pages\/211\/revisions"}],"predecessor-version":[{"id":1656,"href":"https:\/\/lepetitchaperonrouge.be\/nl\/wp-json\/wp\/v2\/pages\/211\/revisions\/1656"}],"wp:featuredmedia":[{"embeddable":true,"href":"https:\/\/lepetitchaperonrouge.be\/nl\/wp-json\/wp\/v2\/media\/1111"}],"wp:attachment":[{"href":"https:\/\/lepetitchaperonrouge.be\/nl\/wp-json\/wp\/v2\/media?parent=211"}],"curies":[{"name":"wp","href":"https:\/\/api.w.org\/{rel}","templated":true}]}}